{"id":135,"date":"2026-01-28T10:56:51","date_gmt":"2026-01-28T10:56:51","guid":{"rendered":"https:\/\/mahima.studio\/?page_id=135"},"modified":"2026-01-30T09:34:41","modified_gmt":"2026-01-30T09:34:41","slug":"galeria","status":"publish","type":"page","link":"https:\/\/mahima.studio\/index.php\/galeria\/","title":{"rendered":"Galeria"},"content":{"rendered":"\t\t<div data-elementor-type=\"wp-page\" data-elementor-id=\"135\" class=\"elementor elementor-135\" data-elementor-post-type=\"page\">\n\t\t\t\t<div class=\"elementor-element elementor-element-79644720 e-flex e-con-boxed e-con e-parent\" data-id=\"79644720\" data-element_type=\"container\">\n\t\t\t\t\t<div class=\"e-con-inner\">\n\t\t\t\t<div class=\"elementor-element elementor-element-94442df elementor-invisible elementor-widget elementor-widget-heading\" data-id=\"94442df\" data-element_type=\"widget\" data-settings=\"{&quot;_animation&quot;:&quot;fadeInRight&quot;}\" data-widget_type=\"heading.default\">\n\t\t\t\t\t<h2 class=\"elementor-heading-title elementor-size-default\">galeria<\/h2>\t\t\t\t<\/div>\n\t\t\t\t\t<\/div>\n\t\t\t\t<\/div>\n\t\t<div class=\"elementor-element elementor-element-da17864 e-con-full e-flex e-con e-parent\" data-id=\"da17864\" data-element_type=\"container\">\n\t\t\t\t<div class=\"elementor-element elementor-element-97ad561 elementor-widget elementor-widget-image\" data-id=\"97ad561\" data-element_type=\"widget\" data-widget_type=\"image.default\">\n\t\t\t\t\t\t\t\t\t\t\t\t\t\t\t<img decoding=\"async\" width=\"1919\" height=\"3\" src=\"https:\/\/mahima.studio\/wp-content\/uploads\/2026\/01\/Bez-nazwy-1.png\" class=\"attachment-full size-full wp-image-178\" alt=\"\" srcset=\"https:\/\/mahima.studio\/wp-content\/uploads\/2026\/01\/Bez-nazwy-1.png 1919w, https:\/\/mahima.studio\/wp-content\/uploads\/2026\/01\/Bez-nazwy-1-300x1.png 300w, https:\/\/mahima.studio\/wp-content\/uploads\/2026\/01\/Bez-nazwy-1-1024x2.png 1024w, https:\/\/mahima.studio\/wp-content\/uploads\/2026\/01\/Bez-nazwy-1-768x1.png 768w, https:\/\/mahima.studio\/wp-content\/uploads\/2026\/01\/Bez-nazwy-1-1536x2.png 1536w, https:\/\/mahima.studio\/wp-content\/uploads\/2026\/01\/Bez-nazwy-1-600x1.png 600w\" sizes=\"(max-width: 1919px) 100vw, 1919px\" \/>\t\t\t\t\t\t\t\t\t\t\t\t\t\t\t<\/div>\n\t\t\t\t<\/div>\n\t\t<div class=\"elementor-element elementor-element-3e6ddc6 e-flex e-con-boxed e-con e-parent\" data-id=\"3e6ddc6\" data-element_type=\"container\">\n\t\t\t\t\t<div class=\"e-con-inner\">\n\t\t\t\t<div class=\"elementor-element elementor-element-eb6d94d elementor-widget elementor-widget-text-editor\" data-id=\"eb6d94d\" data-element_type=\"widget\" data-widget_type=\"text-editor.default\">\n\t\t\t\t\t\t\t\t\t<div>\u00a0<\/div><p>Nasza przestrze\u0144 to po\u0142\u0105czenie nowoczesnych technologii z atmosfer\u0105 pe\u0142n\u0105 relaksu. Zobacz miejsce, w kt\u00f3rym profesjonalnie dbamy o Twoj\u0105 sylwetk\u0119 i cer\u0119.<\/p>\t\t\t\t\t\t\t\t<\/div>\n\t\t\t\t\t<\/div>\n\t\t\t\t<\/div>\n\t\t<div class=\"elementor-element elementor-element-faa591b e-flex e-con-boxed e-con e-parent\" data-id=\"faa591b\" data-element_type=\"container\">\n\t\t\t\t\t<div class=\"e-con-inner\">\n\t\t<div class=\"elementor-element elementor-element-3306f20 e-con-full e-flex elementor-invisible e-con e-child\" data-id=\"3306f20\" data-element_type=\"container\" data-settings=\"{&quot;animation&quot;:&quot;fadeInLeft&quot;}\">\n\t\t\t\t<div class=\"elementor-element elementor-element-52cb273 elementor-widget elementor-widget-image\" data-id=\"52cb273\" data-element_type=\"widget\" data-widget_type=\"image.default\">\n\t\t\t\t\t\t\t\t\t\t\t\t\t\t\t<img fetchpriority=\"high\" decoding=\"async\" width=\"554\" height=\"810\" src=\"https:\/\/mahima.studio\/wp-content\/uploads\/2026\/01\/Gallery-photo-1.png\" class=\"attachment-large size-large wp-image-273\" alt=\"\" srcset=\"https:\/\/mahima.studio\/wp-content\/uploads\/2026\/01\/Gallery-photo-1.png 554w, https:\/\/mahima.studio\/wp-content\/uploads\/2026\/01\/Gallery-photo-1-205x300.png 205w\" sizes=\"(max-width: 554px) 100vw, 554px\" \/>\t\t\t\t\t\t\t\t\t\t\t\t\t\t\t<\/div>\n\t\t\t\t<\/div>\n\t\t<div class=\"elementor-element elementor-element-1e17fea e-con-full e-flex e-con e-child\" data-id=\"1e17fea\" data-element_type=\"container\">\n\t\t<div class=\"elementor-element elementor-element-7584a74 e-con-full e-flex elementor-invisible e-con e-child\" data-id=\"7584a74\" data-element_type=\"container\" data-settings=\"{&quot;animation&quot;:&quot;fadeInRight&quot;,&quot;animation_delay&quot;:200}\">\n\t\t\t\t<div class=\"elementor-element elementor-element-9af840e elementor-widget elementor-widget-image\" data-id=\"9af840e\" data-element_type=\"widget\" data-widget_type=\"image.default\">\n\t\t\t\t\t\t\t\t\t\t\t\t\t\t\t<img decoding=\"async\" width=\"554\" height=\"389\" src=\"https:\/\/mahima.studio\/wp-content\/uploads\/2026\/01\/Gallery-photo-2.png\" class=\"attachment-large size-large wp-image-274\" alt=\"\" srcset=\"https:\/\/mahima.studio\/wp-content\/uploads\/2026\/01\/Gallery-photo-2.png 554w, https:\/\/mahima.studio\/wp-content\/uploads\/2026\/01\/Gallery-photo-2-300x211.png 300w\" sizes=\"(max-width: 554px) 100vw, 554px\" \/>\t\t\t\t\t\t\t\t\t\t\t\t\t\t\t<\/div>\n\t\t\t\t<\/div>\n\t\t<div class=\"elementor-element elementor-element-c67f3b3 e-con-full e-flex elementor-invisible e-con e-child\" data-id=\"c67f3b3\" data-element_type=\"container\" data-settings=\"{&quot;animation&quot;:&quot;fadeInRight&quot;,&quot;animation_delay&quot;:400}\">\n\t\t\t\t<div class=\"elementor-element elementor-element-a6b729e elementor-widget elementor-widget-image\" data-id=\"a6b729e\" data-element_type=\"widget\" data-widget_type=\"image.default\">\n\t\t\t\t\t\t\t\t\t\t\t\t\t\t\t<img loading=\"lazy\" decoding=\"async\" width=\"554\" height=\"389\" src=\"https:\/\/mahima.studio\/wp-content\/uploads\/2026\/01\/Gallery-photo-3.png\" class=\"attachment-large size-large wp-image-275\" alt=\"\" srcset=\"https:\/\/mahima.studio\/wp-content\/uploads\/2026\/01\/Gallery-photo-3.png 554w, https:\/\/mahima.studio\/wp-content\/uploads\/2026\/01\/Gallery-photo-3-300x211.png 300w\" sizes=\"(max-width: 554px) 100vw, 554px\" \/>\t\t\t\t\t\t\t\t\t\t\t\t\t\t\t<\/div>\n\t\t\t\t<\/div>\n\t\t\t\t<\/div>\n\t\t\t\t\t<\/div>\n\t\t\t\t<\/div>\n\t\t<div class=\"elementor-element elementor-element-1ec9f29 e-flex e-con-boxed e-con e-parent\" data-id=\"1ec9f29\" data-element_type=\"container\">\n\t\t\t\t\t<div class=\"e-con-inner\">\n\t\t<div class=\"elementor-element elementor-element-6359a3a e-con-full e-flex elementor-invisible e-con e-child\" data-id=\"6359a3a\" data-element_type=\"container\" data-settings=\"{&quot;animation&quot;:&quot;fadeInRight&quot;}\">\n\t\t\t\t<div class=\"elementor-element elementor-element-b14ec00 elementor-widget elementor-widget-image\" data-id=\"b14ec00\" data-element_type=\"widget\" data-widget_type=\"image.default\">\n\t\t\t\t\t\t\t\t\t\t\t\t\t\t\t<img loading=\"lazy\" decoding=\"async\" width=\"554\" height=\"810\" src=\"https:\/\/mahima.studio\/wp-content\/uploads\/2026\/01\/Gallery-photo-6.png\" class=\"attachment-large size-large wp-image-278\" alt=\"\" srcset=\"https:\/\/mahima.studio\/wp-content\/uploads\/2026\/01\/Gallery-photo-6.png 554w, https:\/\/mahima.studio\/wp-content\/uploads\/2026\/01\/Gallery-photo-6-205x300.png 205w\" sizes=\"(max-width: 554px) 100vw, 554px\" \/>\t\t\t\t\t\t\t\t\t\t\t\t\t\t\t<\/div>\n\t\t\t\t<\/div>\n\t\t<div class=\"elementor-element elementor-element-a35a621 e-con-full e-flex e-con e-child\" data-id=\"a35a621\" data-element_type=\"container\">\n\t\t<div class=\"elementor-element elementor-element-f016eca e-con-full e-flex elementor-invisible e-con e-child\" data-id=\"f016eca\" data-element_type=\"container\" data-settings=\"{&quot;animation&quot;:&quot;fadeInLeft&quot;,&quot;animation_delay&quot;:200}\">\n\t\t\t\t<div class=\"elementor-element elementor-element-5f26d27 elementor-widget elementor-widget-image\" data-id=\"5f26d27\" data-element_type=\"widget\" data-widget_type=\"image.default\">\n\t\t\t\t\t\t\t\t\t\t\t\t\t\t\t<img loading=\"lazy\" decoding=\"async\" width=\"554\" height=\"389\" src=\"https:\/\/mahima.studio\/wp-content\/uploads\/2026\/01\/Gallery-photo-4.png\" class=\"attachment-large size-large wp-image-276\" alt=\"\" srcset=\"https:\/\/mahima.studio\/wp-content\/uploads\/2026\/01\/Gallery-photo-4.png 554w, https:\/\/mahima.studio\/wp-content\/uploads\/2026\/01\/Gallery-photo-4-300x211.png 300w\" sizes=\"(max-width: 554px) 100vw, 554px\" \/>\t\t\t\t\t\t\t\t\t\t\t\t\t\t\t<\/div>\n\t\t\t\t<\/div>\n\t\t<div class=\"elementor-element elementor-element-59c8ed9 e-con-full e-flex elementor-invisible e-con e-child\" data-id=\"59c8ed9\" data-element_type=\"container\" data-settings=\"{&quot;animation&quot;:&quot;fadeInLeft&quot;,&quot;animation_delay&quot;:400}\">\n\t\t\t\t<div class=\"elementor-element elementor-element-39f73b1 elementor-widget elementor-widget-image\" data-id=\"39f73b1\" data-element_type=\"widget\" data-widget_type=\"image.default\">\n\t\t\t\t\t\t\t\t\t\t\t\t\t\t\t<img loading=\"lazy\" decoding=\"async\" width=\"554\" height=\"389\" src=\"https:\/\/mahima.studio\/wp-content\/uploads\/2026\/01\/Gallery-photo-5-1.png\" class=\"attachment-large size-large wp-image-277\" alt=\"\" srcset=\"https:\/\/mahima.studio\/wp-content\/uploads\/2026\/01\/Gallery-photo-5-1.png 554w, https:\/\/mahima.studio\/wp-content\/uploads\/2026\/01\/Gallery-photo-5-1-300x211.png 300w\" sizes=\"(max-width: 554px) 100vw, 554px\" \/>\t\t\t\t\t\t\t\t\t\t\t\t\t\t\t<\/div>\n\t\t\t\t<\/div>\n\t\t\t\t<\/div>\n\t\t\t\t\t<\/div>\n\t\t\t\t<\/div>\n\t\t\t\t<\/div>\n\t\t","protected":false},"excerpt":{"rendered":"<p>galeria \u00a0 Nasza przestrze\u0144 to po\u0142\u0105czenie nowoczesnych technologii z atmosfer\u0105 pe\u0142n\u0105 relaksu. Zobacz miejsce, w kt\u00f3rym profesjonalnie dbamy o Twoj\u0105 sylwetk\u0119 i cer\u0119.<\/p>\n","protected":false},"author":1,"featured_media":0,"parent":0,"menu_order":0,"comment_status":"closed","ping_status":"closed","template":"","meta":{"_kad_post_transparent":"","_kad_post_title":"hide","_kad_post_layout":"fullwidth","_kad_post_sidebar_id":"","_kad_post_content_style":"unboxed","_kad_post_vertical_padding":"hide","_kad_post_feature":"hide","_kad_post_feature_position":"","_kad_post_header":false,"_kad_post_footer":false,"_kad_post_classname":"","footnotes":""},"class_list":["post-135","page","type-page","status-publish","hentry"],"_links":{"self":[{"href":"https:\/\/mahima.studio\/index.php\/wp-json\/wp\/v2\/pages\/135","targetHints":{"allow":["GET"]}}],"collection":[{"href":"https:\/\/mahima.studio\/index.php\/wp-json\/wp\/v2\/pages"}],"about":[{"href":"https:\/\/mahima.studio\/index.php\/wp-json\/wp\/v2\/types\/page"}],"author":[{"embeddable":true,"href":"https:\/\/mahima.studio\/index.php\/wp-json\/wp\/v2\/users\/1"}],"replies":[{"embeddable":true,"href":"https:\/\/mahima.studio\/index.php\/wp-json\/wp\/v2\/comments?post=135"}],"version-history":[{"count":10,"href":"https:\/\/mahima.studio\/index.php\/wp-json\/wp\/v2\/pages\/135\/revisions"}],"predecessor-version":[{"id":495,"href":"https:\/\/mahima.studio\/index.php\/wp-json\/wp\/v2\/pages\/135\/revisions\/495"}],"wp:attachment":[{"href":"https:\/\/mahima.studio\/index.php\/wp-json\/wp\/v2\/media?parent=135"}],"curies":[{"name":"wp","href":"https:\/\/api.w.org\/{rel}","templated":true}]}}