{"id":347,"date":"2026-01-30T08:42:35","date_gmt":"2026-01-30T08:42:35","guid":{"rendered":"https:\/\/mahima.studio\/?page_id=347"},"modified":"2026-01-30T11:18:55","modified_gmt":"2026-01-30T11:18:55","slug":"melitivo","status":"publish","type":"page","link":"https:\/\/mahima.studio\/index.php\/melitivo\/","title":{"rendered":"Meltivio"},"content":{"rendered":"\t\t<div data-elementor-type=\"wp-page\" data-elementor-id=\"347\" class=\"elementor elementor-347\" data-elementor-post-type=\"page\">\n\t\t\t\t<div class=\"elementor-element elementor-element-84612c8 e-flex e-con-boxed e-con e-parent\" data-id=\"84612c8\" data-element_type=\"container\">\n\t\t\t\t\t<div class=\"e-con-inner\">\n\t\t\t\t<div class=\"elementor-element elementor-element-4c19cae4 elementor-invisible elementor-widget elementor-widget-heading\" data-id=\"4c19cae4\" data-element_type=\"widget\" data-settings=\"{&quot;_animation&quot;:&quot;fadeInRight&quot;}\" data-widget_type=\"heading.default\">\n\t\t\t\t\t<h2 class=\"elementor-heading-title elementor-size-default\">meltivio<\/h2>\t\t\t\t<\/div>\n\t\t\t\t\t<\/div>\n\t\t\t\t<\/div>\n\t\t<div class=\"elementor-element elementor-element-d5eefb3 e-flex e-con-boxed e-con e-parent\" data-id=\"d5eefb3\" data-element_type=\"container\">\n\t\t\t\t\t<div class=\"e-con-inner\">\n\t\t<div class=\"elementor-element elementor-element-7f5d04e8 e-con-full e-flex e-con e-child\" data-id=\"7f5d04e8\" data-element_type=\"container\">\n\t\t\t\t<div class=\"elementor-element elementor-element-1b24c541 elementor-arrows-position-outside elementor-pagination-position-outside elementor-widget elementor-widget-image-carousel\" data-id=\"1b24c541\" data-element_type=\"widget\" data-settings=\"{&quot;slides_to_show&quot;:&quot;1&quot;,&quot;navigation&quot;:&quot;both&quot;,&quot;autoplay&quot;:&quot;yes&quot;,&quot;pause_on_hover&quot;:&quot;yes&quot;,&quot;pause_on_interaction&quot;:&quot;yes&quot;,&quot;autoplay_speed&quot;:5000,&quot;infinite&quot;:&quot;yes&quot;,&quot;effect&quot;:&quot;slide&quot;,&quot;speed&quot;:500}\" data-widget_type=\"image-carousel.default\">\n\t\t\t\t\t\t\t<div class=\"elementor-image-carousel-wrapper swiper\" role=\"region\" aria-roledescription=\"carousel\" aria-label=\"Image Carousel\" dir=\"ltr\">\n\t\t\t<div class=\"elementor-image-carousel swiper-wrapper\" aria-live=\"off\">\n\t\t\t\t\t\t\t\t<div class=\"swiper-slide\" role=\"group\" aria-roledescription=\"slide\" aria-label=\"1 z 2\"><figure class=\"swiper-slide-inner\"><img decoding=\"async\" class=\"swiper-slide-image\" src=\"https:\/\/mahima.studio\/wp-content\/uploads\/2026\/01\/IMG_1943-scaled.png\" alt=\"IMG_1943\" \/><\/figure><\/div><div class=\"swiper-slide\" role=\"group\" aria-roledescription=\"slide\" aria-label=\"2 z 2\"><figure class=\"swiper-slide-inner\"><img decoding=\"async\" class=\"swiper-slide-image\" src=\"https:\/\/mahima.studio\/wp-content\/uploads\/2026\/01\/photo-1-about-us.png\" alt=\"photo 1 about us\" \/><\/figure><\/div>\t\t\t<\/div>\n\t\t\t\t\t\t\t\t\t\t\t\t<div class=\"elementor-swiper-button elementor-swiper-button-prev\" role=\"button\" tabindex=\"0\">\n\t\t\t\t\t\t<svg aria-hidden=\"true\" class=\"e-font-icon-svg e-eicon-chevron-left\" viewBox=\"0 0 1000 1000\" xmlns=\"http:\/\/www.w3.org\/2000\/svg\"><path d=\"M646 125C629 125 613 133 604 142L308 442C296 454 292 471 292 487 292 504 296 521 308 533L604 854C617 867 629 875 646 875 663 875 679 871 692 858 704 846 713 829 713 812 713 796 708 779 692 767L438 487 692 225C700 217 708 204 708 187 708 171 704 154 692 142 675 129 663 125 646 125Z\"><\/path><\/svg>\t\t\t\t\t<\/div>\n\t\t\t\t\t<div class=\"elementor-swiper-button elementor-swiper-button-next\" role=\"button\" tabindex=\"0\">\n\t\t\t\t\t\t<svg aria-hidden=\"true\" class=\"e-font-icon-svg e-eicon-chevron-right\" viewBox=\"0 0 1000 1000\" xmlns=\"http:\/\/www.w3.org\/2000\/svg\"><path d=\"M696 533C708 521 713 504 713 487 713 471 708 454 696 446L400 146C388 133 375 125 354 125 338 125 325 129 313 142 300 154 292 171 292 187 292 204 296 221 308 233L563 492 304 771C292 783 288 800 288 817 288 833 296 850 308 863 321 871 338 875 354 875 371 875 388 867 400 854L696 533Z\"><\/path><\/svg>\t\t\t\t\t<\/div>\n\t\t\t\t\n\t\t\t\t\t\t\t\t\t<div class=\"swiper-pagination\"><\/div>\n\t\t\t\t\t\t\t\t\t<\/div>\n\t\t\t\t\t\t<\/div>\n\t\t\t\t<\/div>\n\t\t<div class=\"elementor-element elementor-element-38373b07 e-con-full e-flex elementor-invisible e-con e-child\" data-id=\"38373b07\" data-element_type=\"container\" data-settings=\"{&quot;animation&quot;:&quot;fadeInRight&quot;}\">\n\t\t\t\t<div class=\"elementor-element elementor-element-4128c9c elementor-widget elementor-widget-text-editor\" data-id=\"4128c9c\" data-element_type=\"widget\" data-widget_type=\"text-editor.default\">\n\t\t\t\t\t\t\t\t\t<p>MELTIVIO\u2122 to najnowsze urz\u0105dzenie w rodzinie technologii Hi-Tech marki M&#8217;ONDUNIQ, kt\u00f3re umo\u017cliwia wykonanie liftingu wyszczuplaj\u0105cego w obr\u0119bie twarzy jak i cia\u0142a. Urz\u0105dzenie posiada szerokie spektrum mo\u017cliwo\u015bci zastosowania dwubiegunowej funkcji fali o cz\u0119stotliwo\u015bci radiowej i zmiennym napi\u0119ciu czasowym 448 kHz.<\/p><p><strong>Metoda dzia\u0142ania:<\/strong><\/p><p>W ramach partii zabiegowej obj\u0119tej procedur\u0105 MELTIVIO\u2122 wywo\u0142ywane jest zjawisko polaryzacji, kt\u00f3re sprawia, \u017ce elektrony zderzaj\u0105 si\u0119 ze sob\u0105, obracaj\u0105 i skr\u0119caj\u0105. Generuje to lipolityczno-fizjologiczn\u0105 energi\u0119 ciepln\u0105 i zwi\u0119kszenie temperatury w g\u0142\u0119bi sk\u00f3ry. W ten spos\u00f3b wymuszamy na w\u0142\u00f3knach kolagenowych ich przebudow\u0119, odbudow\u0119 i remodeling. Owocuje to pozytywnymi i widocznymi zmianami, pozwalaj\u0105c na wykorzystania technologii w zabiegach liftinguj\u0105cych.<\/p>\t\t\t\t\t\t\t\t<\/div>\n\t\t\t\t<\/div>\n\t\t\t\t\t<\/div>\n\t\t\t\t<\/div>\n\t\t<div class=\"elementor-element elementor-element-b922cc0 e-flex e-con-boxed e-con e-parent\" data-id=\"b922cc0\" data-element_type=\"container\">\n\t\t\t\t\t<div class=\"e-con-inner\">\n\t\t<div class=\"elementor-element elementor-element-69fe2974 e-con-full e-flex e-con e-child\" data-id=\"69fe2974\" data-element_type=\"container\">\n\t\t\t\t<div class=\"elementor-element elementor-element-48e2c16 elementor-arrows-position-outside elementor-pagination-position-outside elementor-widget elementor-widget-image-carousel\" data-id=\"48e2c16\" data-element_type=\"widget\" data-settings=\"{&quot;slides_to_show&quot;:&quot;1&quot;,&quot;navigation&quot;:&quot;both&quot;,&quot;autoplay&quot;:&quot;yes&quot;,&quot;pause_on_hover&quot;:&quot;yes&quot;,&quot;pause_on_interaction&quot;:&quot;yes&quot;,&quot;autoplay_speed&quot;:5000,&quot;infinite&quot;:&quot;yes&quot;,&quot;effect&quot;:&quot;slide&quot;,&quot;speed&quot;:500}\" data-widget_type=\"image-carousel.default\">\n\t\t\t\t\t\t\t<div class=\"elementor-image-carousel-wrapper swiper\" role=\"region\" aria-roledescription=\"carousel\" aria-label=\"Image Carousel\" dir=\"ltr\">\n\t\t\t<div class=\"elementor-image-carousel swiper-wrapper\" aria-live=\"off\">\n\t\t\t\t\t\t\t\t<div class=\"swiper-slide\" role=\"group\" aria-roledescription=\"slide\" aria-label=\"1 z 2\"><figure class=\"swiper-slide-inner\"><img decoding=\"async\" class=\"swiper-slide-image\" src=\"https:\/\/mahima.studio\/wp-content\/uploads\/2026\/01\/IMG_1943-scaled.png\" alt=\"IMG_1943\" \/><\/figure><\/div><div class=\"swiper-slide\" role=\"group\" aria-roledescription=\"slide\" aria-label=\"2 z 2\"><figure class=\"swiper-slide-inner\"><img decoding=\"async\" class=\"swiper-slide-image\" src=\"https:\/\/mahima.studio\/wp-content\/uploads\/2026\/01\/photo-1-about-us.png\" alt=\"photo 1 about us\" \/><\/figure><\/div>\t\t\t<\/div>\n\t\t\t\t\t\t\t\t\t\t\t\t<div class=\"elementor-swiper-button elementor-swiper-button-prev\" role=\"button\" tabindex=\"0\">\n\t\t\t\t\t\t<svg aria-hidden=\"true\" class=\"e-font-icon-svg e-eicon-chevron-left\" viewBox=\"0 0 1000 1000\" xmlns=\"http:\/\/www.w3.org\/2000\/svg\"><path d=\"M646 125C629 125 613 133 604 142L308 442C296 454 292 471 292 487 292 504 296 521 308 533L604 854C617 867 629 875 646 875 663 875 679 871 692 858 704 846 713 829 713 812 713 796 708 779 692 767L438 487 692 225C700 217 708 204 708 187 708 171 704 154 692 142 675 129 663 125 646 125Z\"><\/path><\/svg>\t\t\t\t\t<\/div>\n\t\t\t\t\t<div class=\"elementor-swiper-button elementor-swiper-button-next\" role=\"button\" tabindex=\"0\">\n\t\t\t\t\t\t<svg aria-hidden=\"true\" class=\"e-font-icon-svg e-eicon-chevron-right\" viewBox=\"0 0 1000 1000\" xmlns=\"http:\/\/www.w3.org\/2000\/svg\"><path d=\"M696 533C708 521 713 504 713 487 713 471 708 454 696 446L400 146C388 133 375 125 354 125 338 125 325 129 313 142 300 154 292 171 292 187 292 204 296 221 308 233L563 492 304 771C292 783 288 800 288 817 288 833 296 850 308 863 321 871 338 875 354 875 371 875 388 867 400 854L696 533Z\"><\/path><\/svg>\t\t\t\t\t<\/div>\n\t\t\t\t\n\t\t\t\t\t\t\t\t\t<div class=\"swiper-pagination\"><\/div>\n\t\t\t\t\t\t\t\t\t<\/div>\n\t\t\t\t\t\t<\/div>\n\t\t\t\t<\/div>\n\t\t<div class=\"elementor-element elementor-element-69a7eedb e-con-full e-flex elementor-invisible e-con e-child\" data-id=\"69a7eedb\" data-element_type=\"container\" data-settings=\"{&quot;animation&quot;:&quot;fadeInRight&quot;}\">\n\t\t\t\t<div class=\"elementor-element elementor-element-6c63e32e elementor-widget elementor-widget-text-editor\" data-id=\"6c63e32e\" data-element_type=\"widget\" data-widget_type=\"text-editor.default\">\n\t\t\t\t\t\t\t\t\t<p><strong>Efekty zabiegowe twarz:<\/strong><\/p><ul><li>lifting tkanek mi\u0119kkich twarzy i szyi,<\/li><li>lifting opadania tkanek \u015brodkowej i dolnej cz\u0119\u015bci twarzy: poprawa napi\u0119cia sk\u00f3ry policzk\u00f3w, podbr\u00f3dka i linii \u017cuchwy, poprzez selektywne podgrzewanie struktur podporowych w tym warstwy SMAS,<\/li><li>sk\u00f3ra staje si\u0119 g\u0142adsza i rozja\u015bniona,<\/li><li>sp\u0142ycenie kurzych \u0142apek,<\/li><li>korekta opadania \u0142uk\u00f3w brwiowych i powiek g\u00f3rnych,<\/li><li>spalanie \u201epoduszek bichata\u201d,<\/li><li>redukcja wiotko\u015bci sk\u00f3ry \u00a0twarzy, szyi i dekoltu,<\/li><li>przebudowa macierzy pozakom\u00f3rkowej poprzez dzia\u0142anie termiczne na g\u0142\u0119bsze warstwy sk\u00f3ry w\u0142a\u015bciwej,<br \/><br \/><br \/><\/li><\/ul>\t\t\t\t\t\t\t\t<\/div>\n\t\t\t\t<div class=\"elementor-element elementor-element-0bf2352 elementor-widget elementor-widget-text-editor\" data-id=\"0bf2352\" data-element_type=\"widget\" data-widget_type=\"text-editor.default\">\n\t\t\t\t\t\t\t\t\t<p><strong>Efekty zabiegowe cia\u0142o:<\/strong><\/p><ul><li>spalanie tkanki t\u0142uszczowej,<\/li><li>wyszczuplanie,<\/li><li>poprawa g\u0119sto\u015bci,<\/li><li>modelowanie sylwetki z miejscow\u0105 akumulacj\u0105 tkanki t\u0142uszczowej, opornej na diet\u0119 i aktywno\u015b\u0107 fizyczn\u0105,<\/li><li>zmniejszenie dolegliwo\u015bci b\u00f3lowych,<\/li><li>poprawia mikrokr\u0105\u017cenia i funkcji barierowych sk\u00f3ry: zwi\u0119kszenie przepuszczalno\u015bci b\u0142on kom\u00f3rkowych i poprawa metabolizmu tkanek,<\/li><li>leczenie blizn zanikowych i rozst\u0119p\u00f3w,<\/li><li>wzmocnienie elastyczno\u015bci sk\u00f3ry.<\/li><\/ul>\t\t\t\t\t\t\t\t<\/div>\n\t\t\t\t<\/div>\n\t\t\t\t\t<\/div>\n\t\t\t\t<\/div>\n\t\t<div class=\"elementor-element elementor-element-5907344 e-flex e-con-boxed e-con e-parent\" data-id=\"5907344\" data-element_type=\"container\">\n\t\t\t\t\t<div class=\"e-con-inner\">\n\t\t\t\t<div class=\"elementor-element elementor-element-75dca8d elementor-widget elementor-widget-button\" data-id=\"75dca8d\" data-element_type=\"widget\" data-widget_type=\"button.default\">\n\t\t\t\t\t\t\t\t\t\t<a class=\"elementor-button elementor-button-link elementor-size-sm elementor-animation-grow\" href=\"https:\/\/mahima.studio\/index.php\/kategoria-produktu\/zabiegi\/\">\n\t\t\t\t\t\t<span class=\"elementor-button-content-wrapper\">\n\t\t\t\t\t\t\t\t\t<span class=\"elementor-button-text\">Zarezerwuj termin <\/span>\n\t\t\t\t\t<\/span>\n\t\t\t\t\t<\/a>\n\t\t\t\t\t\t\t\t<\/div>\n\t\t\t\t\t<\/div>\n\t\t\t\t<\/div>\n\t\t<div class=\"elementor-element elementor-element-918a37b e-con-full e-flex e-con e-parent\" data-id=\"918a37b\" data-element_type=\"container\">\n\t\t\t\t<div class=\"elementor-element elementor-element-d0fdee7 elementor-widget elementor-widget-image\" data-id=\"d0fdee7\" data-element_type=\"widget\" data-widget_type=\"image.default\">\n\t\t\t\t\t\t\t\t\t\t\t\t\t\t\t<img decoding=\"async\" width=\"1919\" height=\"3\" src=\"https:\/\/mahima.studio\/wp-content\/uploads\/2026\/01\/Bez-nazwy-1.png\" class=\"attachment-full size-full wp-image-178\" alt=\"\" srcset=\"https:\/\/mahima.studio\/wp-content\/uploads\/2026\/01\/Bez-nazwy-1.png 1919w, https:\/\/mahima.studio\/wp-content\/uploads\/2026\/01\/Bez-nazwy-1-300x1.png 300w, https:\/\/mahima.studio\/wp-content\/uploads\/2026\/01\/Bez-nazwy-1-1024x2.png 1024w, https:\/\/mahima.studio\/wp-content\/uploads\/2026\/01\/Bez-nazwy-1-768x1.png 768w, https:\/\/mahima.studio\/wp-content\/uploads\/2026\/01\/Bez-nazwy-1-1536x2.png 1536w, https:\/\/mahima.studio\/wp-content\/uploads\/2026\/01\/Bez-nazwy-1-600x1.png 600w\" sizes=\"(max-width: 1919px) 100vw, 1919px\" \/>\t\t\t\t\t\t\t\t\t\t\t\t\t\t\t<\/div>\n\t\t\t\t<\/div>\n\t\t<div class=\"elementor-element elementor-element-2745e7da e-flex e-con-boxed e-con e-parent\" data-id=\"2745e7da\" data-element_type=\"container\">\n\t\t\t\t\t<div class=\"e-con-inner\">\n\t\t\t\t<div class=\"elementor-element elementor-element-5beb3c68 elementor-widget elementor-widget-heading\" data-id=\"5beb3c68\" data-element_type=\"widget\" data-widget_type=\"heading.default\">\n\t\t\t\t\t<h2 class=\"elementor-heading-title elementor-size-default\">Masz pytania? Napisz do nas<\/h2>\t\t\t\t<\/div>\n\t\t\t\t\t<\/div>\n\t\t\t\t<\/div>\n\t\t<div class=\"elementor-element elementor-element-b2b6a93 e-flex e-con-boxed e-con e-parent\" data-id=\"b2b6a93\" data-element_type=\"container\">\n\t\t\t\t\t<div class=\"e-con-inner\">\n\t\t<div class=\"elementor-element elementor-element-5751a7c8 e-con-full e-flex e-con e-child\" data-id=\"5751a7c8\" data-element_type=\"container\">\n\t\t\t\t<div class=\"elementor-element elementor-element-2aefb400 elementor-icon-list--layout-traditional elementor-list-item-link-full_width elementor-invisible elementor-widget elementor-widget-icon-list\" data-id=\"2aefb400\" data-element_type=\"widget\" data-settings=\"{&quot;_animation&quot;:&quot;zoomIn&quot;}\" data-widget_type=\"icon-list.default\">\n\t\t\t\t\t\t\t<ul class=\"elementor-icon-list-items\">\n\t\t\t\t\t\t\t<li class=\"elementor-icon-list-item\">\n\t\t\t\t\t\t\t\t\t\t\t<a href=\"mailto:info@mahima.studio\">\n\n\t\t\t\t\t\t\t\t\t\t\t\t<span class=\"elementor-icon-list-icon\">\n\t\t\t\t\t\t\t<svg aria-hidden=\"true\" class=\"e-font-icon-svg e-fas-envelope\" viewBox=\"0 0 512 512\" xmlns=\"http:\/\/www.w3.org\/2000\/svg\"><path d=\"M502.3 190.8c3.9-3.1 9.7-.2 9.7 4.7V400c0 26.5-21.5 48-48 48H48c-26.5 0-48-21.5-48-48V195.6c0-5 5.7-7.8 9.7-4.7 22.4 17.4 52.1 39.5 154.1 113.6 21.1 15.4 56.7 47.8 92.2 47.6 35.7.3 72-32.8 92.3-47.6 102-74.1 131.6-96.3 154-113.7zM256 320c23.2.4 56.6-29.2 73.4-41.4 132.7-96.3 142.8-104.7 173.4-128.7 5.8-4.5 9.2-11.5 9.2-18.9v-19c0-26.5-21.5-48-48-48H48C21.5 64 0 85.5 0 112v19c0 7.4 3.4 14.3 9.2 18.9 30.6 23.9 40.7 32.4 173.4 128.7 16.8 12.2 50.2 41.8 73.4 41.4z\"><\/path><\/svg>\t\t\t\t\t\t<\/span>\n\t\t\t\t\t\t\t\t\t\t<span class=\"elementor-icon-list-text\">info@mahima.studio<\/span>\n\t\t\t\t\t\t\t\t\t\t\t<\/a>\n\t\t\t\t\t\t\t\t\t<\/li>\n\t\t\t\t\t\t\t\t<li class=\"elementor-icon-list-item\">\n\t\t\t\t\t\t\t\t\t\t\t<a href=\"tel:+48798832341\">\n\n\t\t\t\t\t\t\t\t\t\t\t\t<span class=\"elementor-icon-list-icon\">\n\t\t\t\t\t\t\t<svg aria-hidden=\"true\" class=\"e-font-icon-svg e-fas-mobile\" viewBox=\"0 0 320 512\" xmlns=\"http:\/\/www.w3.org\/2000\/svg\"><path d=\"M272 0H48C21.5 0 0 21.5 0 48v416c0 26.5 21.5 48 48 48h224c26.5 0 48-21.5 48-48V48c0-26.5-21.5-48-48-48zM160 480c-17.7 0-32-14.3-32-32s14.3-32 32-32 32 14.3 32 32-14.3 32-32 32z\"><\/path><\/svg>\t\t\t\t\t\t<\/span>\n\t\t\t\t\t\t\t\t\t\t<span class=\"elementor-icon-list-text\">798 832 341<\/span>\n\t\t\t\t\t\t\t\t\t\t\t<\/a>\n\t\t\t\t\t\t\t\t\t<\/li>\n\t\t\t\t\t\t\t\t<li class=\"elementor-icon-list-item\">\n\t\t\t\t\t\t\t\t\t\t\t<span class=\"elementor-icon-list-icon\">\n\t\t\t\t\t\t\t<svg aria-hidden=\"true\" class=\"e-font-icon-svg e-fas-map-marker-alt\" viewBox=\"0 0 384 512\" xmlns=\"http:\/\/www.w3.org\/2000\/svg\"><path d=\"M172.268 501.67C26.97 291.031 0 269.413 0 192 0 85.961 85.961 0 192 0s192 85.961 192 192c0 77.413-26.97 99.031-172.268 309.67-9.535 13.774-29.93 13.773-39.464 0zM192 272c44.183 0 80-35.817 80-80s-35.817-80-80-80-80 35.817-80 80 35.817 80 80 80z\"><\/path><\/svg>\t\t\t\t\t\t<\/span>\n\t\t\t\t\t\t\t\t\t\t<span class=\"elementor-icon-list-text\">ul. Piotra Skargi 12, <br> 95-100 Zgierz <\/span>\n\t\t\t\t\t\t\t\t\t<\/li>\n\t\t\t\t\t\t<\/ul>\n\t\t\t\t\t\t<\/div>\n\t\t\t\t<\/div>\n\t\t<div class=\"elementor-element elementor-element-32f333cd e-con-full e-flex elementor-invisible e-con e-child\" data-id=\"32f333cd\" data-element_type=\"container\" data-settings=\"{&quot;animation&quot;:&quot;fadeInRight&quot;}\">\n\t\t\t\t<div class=\"elementor-element elementor-element-4d98b71a elementor-widget elementor-widget-shortcode\" data-id=\"4d98b71a\" data-element_type=\"widget\" data-widget_type=\"shortcode.default\">\n\t\t\t\t\t\t\t<div class=\"elementor-shortcode\"><div class=\"forminator-ui forminator-custom-form forminator-custom-form-303 forminator-design--default  forminator_ajax\" data-forminator-render=\"0\" data-form=\"forminator-module-303\" data-uid=\"69e1921a79ec5\"><br\/><\/div><form\n\t\t\t\tid=\"forminator-module-303\"\n\t\t\t\tclass=\"forminator-ui forminator-custom-form forminator-custom-form-303 forminator-design--default  forminator_ajax\"\n\t\t\t\tmethod=\"post\"\n\t\t\t\tdata-forminator-render=\"0\"\n\t\t\t\tdata-form-id=\"303\"\n\t\t\t\t data-color-option=\"theme\" data-design=\"default\" data-grid=\"open\" style=\"display: none;\"\n\t\t\t\tdata-uid=\"69e1921a79ec5\"\n\t\t\t><div role=\"alert\" aria-live=\"polite\" class=\"forminator-response-message forminator-error\" aria-hidden=\"true\"><\/div><div class=\"forminator-row\"><div id=\"name-1\" class=\"forminator-field-name forminator-col forminator-col-6 \"><div class=\"forminator-field\"><input type=\"text\" name=\"name-1\" value=\"\" placeholder=\"Imi\u0119 i nazwisko\" id=\"forminator-field-name-1_69e1921a79ec5\" class=\"forminator-input forminator-name--field\" aria-required=\"true\" autocomplete=\"name\" \/><\/div><\/div><div id=\"email-1\" class=\"forminator-field-email forminator-col forminator-col-6 \"><div class=\"forminator-field\"><input type=\"email\" name=\"email-1\" value=\"\" placeholder=\"E-mail\" id=\"forminator-field-email-1_69e1921a79ec5\" class=\"forminator-input forminator-email--field\" data-required=\"true\" aria-required=\"true\" autocomplete=\"email\" \/><\/div><\/div><\/div><div class=\"forminator-row\"><div id=\"phone-1\" class=\"forminator-field-phone forminator-col forminator-col-6 \"><div class=\"forminator-field\"><input type=\"text\" name=\"phone-1\" value=\"\" placeholder=\"Telefon\" id=\"forminator-field-phone-1_69e1921a79ec5\" class=\"forminator-input forminator-field--phone\" data-required=\"\" aria-required=\"false\" autocomplete=\"off\" \/><\/div><\/div><div id=\"name-2\" class=\"forminator-field-name forminator-col forminator-col-6 \"><div class=\"forminator-field\"><input type=\"text\" name=\"name-2\" value=\"\" placeholder=\"Temat\" id=\"forminator-field-name-2_69e1921a79ec5\" class=\"forminator-input forminator-name--field\" aria-required=\"false\" autocomplete=\"name\" \/><\/div><\/div><\/div><div class=\"forminator-row\"><div id=\"textarea-1\" class=\"forminator-field-textarea forminator-col forminator-col-12 \"><div class=\"forminator-field\"><textarea name=\"textarea-1\" placeholder=\"Wiadomo\u015b\u0107\" id=\"forminator-field-textarea-1_69e1921a79ec5\" class=\"forminator-textarea\" rows=\"6\" style=\"min-height:140px;\" ><\/textarea><\/div><\/div><\/div><input type=\"hidden\" name=\"referer_url\" value=\"\" \/><div class=\"forminator-row forminator-row-last\"><div class=\"forminator-col\"><div class=\"forminator-field\"><button class=\"forminator-button forminator-button-submit\">Wy\u015blij<\/button><\/div><\/div><\/div><input type=\"hidden\" id=\"forminator_nonce\" name=\"forminator_nonce\" value=\"1c0446cc25\" \/><input type=\"hidden\" name=\"_wp_http_referer\" value=\"\/index.php\/wp-json\/wp\/v2\/pages\/347\" \/><input type=\"hidden\" name=\"form_id\" value=\"303\"><input type=\"hidden\" name=\"page_id\" value=\"347\"><input type=\"hidden\" name=\"form_type\" value=\"default\"><input type=\"hidden\" name=\"current_url\" value=\"https:\/\/mahima.studio\/index.php\/melitivo\/\"><input type=\"hidden\" name=\"render_id\" value=\"0\"><input type=\"hidden\" name=\"action\" value=\"forminator_submit_form_custom-forms\"><\/form><\/div>\n\t\t\t\t\t\t<\/div>\n\t\t\t\t<\/div>\n\t\t\t\t\t<\/div>\n\t\t\t\t<\/div>\n\t\t\t\t<\/div>\n\t\t","protected":false},"excerpt":{"rendered":"<p>meltivio MELTIVIO\u2122 to najnowsze urz\u0105dzenie w rodzinie technologii Hi-Tech marki M&#8217;ONDUNIQ, kt\u00f3re umo\u017cliwia wykonanie liftingu wyszczuplaj\u0105cego w obr\u0119bie twarzy jak i cia\u0142a. Urz\u0105dzenie posiada szerokie spektrum mo\u017cliwo\u015bci zastosowania dwubiegunowej funkcji fali o cz\u0119stotliwo\u015bci radiowej i zmiennym napi\u0119ciu czasowym 448 kHz. Metoda dzia\u0142ania: W ramach partii zabiegowej obj\u0119tej procedur\u0105 MELTIVIO\u2122 wywo\u0142ywane jest zjawisko polaryzacji, kt\u00f3re sprawia,&#8230;<\/p>\n","protected":false},"author":1,"featured_media":0,"parent":0,"menu_order":0,"comment_status":"closed","ping_status":"closed","template":"","meta":{"_kad_post_transparent":"","_kad_post_title":"hide","_kad_post_layout":"fullwidth","_kad_post_sidebar_id":"","_kad_post_content_style":"unboxed","_kad_post_vertical_padding":"hide","_kad_post_feature":"hide","_kad_post_feature_position":"","_kad_post_header":false,"_kad_post_footer":false,"_kad_post_classname":"","footnotes":""},"class_list":["post-347","page","type-page","status-publish","hentry"],"_links":{"self":[{"href":"https:\/\/mahima.studio\/index.php\/wp-json\/wp\/v2\/pages\/347","targetHints":{"allow":["GET"]}}],"collection":[{"href":"https:\/\/mahima.studio\/index.php\/wp-json\/wp\/v2\/pages"}],"about":[{"href":"https:\/\/mahima.studio\/index.php\/wp-json\/wp\/v2\/types\/page"}],"author":[{"embeddable":true,"href":"https:\/\/mahima.studio\/index.php\/wp-json\/wp\/v2\/users\/1"}],"replies":[{"embeddable":true,"href":"https:\/\/mahima.studio\/index.php\/wp-json\/wp\/v2\/comments?post=347"}],"version-history":[{"count":23,"href":"https:\/\/mahima.studio\/index.php\/wp-json\/wp\/v2\/pages\/347\/revisions"}],"predecessor-version":[{"id":547,"href":"https:\/\/mahima.studio\/index.php\/wp-json\/wp\/v2\/pages\/347\/revisions\/547"}],"wp:attachment":[{"href":"https:\/\/mahima.studio\/index.php\/wp-json\/wp\/v2\/media?parent=347"}],"curies":[{"name":"wp","href":"https:\/\/api.w.org\/{rel}","templated":true}]}}